{"id":26,"date":"2026-01-02T16:12:37","date_gmt":"2026-01-02T16:12:37","guid":{"rendered":"https:\/\/addendum.ovh\/?page_id=26"},"modified":"2026-01-02T16:16:43","modified_gmt":"2026-01-02T16:16:43","slug":"wer","status":"publish","type":"page","link":"https:\/\/addendum.ovh\/?page_id=26","title":{"rendered":"Wer?"},"content":{"rendered":"<h2>\ud83e\udd37\u200d\u2642\ufe0f Wer bloggt hier eigentlich?<\/h2>\n<p><strong>IAT \u2013 International Alpha Team<\/strong><br \/>\n(ja, richtig gelesen\u2026 <em>International<\/em>. Wir tun so, als w\u00e4ren wir wichtig \u2013 und manchmal klappt\u2019s sogar \ud83d\ude0e)<\/p>\n<p><strong>Vertreten durch:<\/strong><br \/>\nEine Gruppe hochmotivierter Tastaturakrobaten, die behaupten, \u201eContent Creator\u201c zu sein, obwohl sie eigentlich nur Kaffee trinken und Dinge ins Internet schreiben. \u2615\ud83d\udcbb<\/p>\n<h2>\ud83d\udcec Kontakt<\/h2>\n<p>Adresse, Telefonnummer, Faxger\u00e4t aus den 90ern und Brieftaube w\u00e4ren hier einzuf\u00fcgen, wenn wir nicht so vergesslich w\u00e4ren! E\u2011Mail: kommt auch noch, wir tun so lange so, als w\u00e4re sie geheim. \ud83d\udd75\ufe0f\u200d\u2642\ufe0f<\/p>\n<h2>\ud83e\udde0 Verantwortlich f\u00fcr den Inhalt<\/h2>\n<p>IAT \u2013 International Alpha Team<br \/>\n(Diejenigen, die immer sagen: \u201eWir machen das morgen\u201c \u2013 und es dann doch heute tun. \ud83d\ude80)<\/p>\n<hr \/>\n<p>Kontakt : <a href=\"https:\/\/iat.email\" target=\"_blank\" rel=\"noopener\">IAT &#8211; International Alpha Team<\/a><\/p>\n<hr \/>\n<h2>\u26a0\ufe0f Haftungsausschluss<\/h2>\n<ul>\n<li>Wir \u00fcbernehmen keinerlei Verantwortung f\u00fcr spontane Lachanf\u00e4lle, Augenrollen oder pl\u00f6tzliche Erkenntnisse, die durch das Lesen dieses Blogs entstehen. \ud83d\ude02\u00a0Externe Links f\u00fchren zu Orten im Internet, die wir nicht kontrollieren k\u00f6nnen. Wenn du dort l\u00e4nger h\u00e4ngen bleibst als geplant, ist das dein Abenteuer. \ud83e\udded\u00a0Inhalte k\u00f6nnen Spuren von Ironie, Sarkasmus und gesundem Menschenverstand enthalten. \ud83e\uddc2<\/li>\n<\/ul>\n<h2>\ud83d\udee1\ufe0f Datenschutz<\/h2>\n<p>Wir sammeln keine Daten, au\u00dfer du schickst uns welche. Und selbst dann fragen wir uns, warum du uns vertraust. \ud83e\udd28\ud83d\udd10<\/p>\n<h2>\ud83e\uddb8\u200d\u2642\ufe0f Mission Statement<\/h2>\n<p>Wir sind das <strong>International Alpha Team<\/strong> \u2013 wir retten keine Welt, aber wir retten deinen Tag mit gutem Content. Oder zumindest versuchen wir\u2019s. \ud83d\udcab<\/p>\n<p>&nbsp;<\/p>\n<p>&nbsp;<\/p>\n<blockquote><p>DMCA: A 24-hours team of highly trained monkeys has been dispatched to deal with this situation.<\/p><\/blockquote>\n<p>&nbsp;<\/p>\n<p>&nbsp;<\/p>\n<p>&nbsp;<\/p>\n<p>&nbsp;<\/p>\n<p>&nbsp;<\/p>\n<p>&nbsp;<\/p>\n<p>&nbsp;<\/p>\n<p><a href=\"https:\/\/addendum.ovh\"><img loading=\"lazy\" decoding=\"async\" class=\"aligncenter size-full wp-image-19\" src=\"https:\/\/addendum.ovh\/wp-content\/uploads\/2026\/01\/addendumbanner.jpg\" alt=\"\" width=\"400\" height=\"73\" srcset=\"https:\/\/addendum.ovh\/wp-content\/uploads\/2026\/01\/addendumbanner.jpg 400w, https:\/\/addendum.ovh\/wp-content\/uploads\/2026\/01\/addendumbanner-300x55.jpg 300w\" sizes=\"auto, (max-width: 400px) 100vw, 400px\" \/><\/a><\/p>\n","protected":false},"excerpt":{"rendered":"<p>\ud83e\udd37\u200d\u2642\ufe0f Wer bloggt hier eigentlich? IAT \u2013 International Alpha Team (ja, richtig gelesen\u2026 International. Wir tun so, als w\u00e4ren wir wichtig \u2013 und manchmal klappt\u2019s sogar \ud83d\ude0e) Vertreten durch: Eine Gruppe hochmotivierter Tastaturakrobaten, die behaupten, \u201eContent Creator\u201c zu sein, obwohl sie eigentlich nur Kaffee trinken und Dinge ins Internet schreiben. \u2615\ud83d\udcbb \ud83d\udcec Kontakt Adresse, Telefonnummer, &#8230; <a title=\"Wer?\" class=\"read-more\" href=\"https:\/\/addendum.ovh\/?page_id=26\">Read more<span class=\"screen-reader-text\">Wer?<\/span><\/a><\/p>\n","protected":false},"author":1,"featured_media":27,"parent":0,"menu_order":0,"comment_status":"closed","ping_status":"closed","template":"","meta":{"footnotes":""},"class_list":["post-26","page","type-page","status-publish","has-post-thumbnail"],"_links":{"self":[{"href":"https:\/\/addendum.ovh\/index.php?rest_route=\/wp\/v2\/pages\/26","targetHints":{"allow":["GET"]}}],"collection":[{"href":"https:\/\/addendum.ovh\/index.php?rest_route=\/wp\/v2\/pages"}],"about":[{"href":"https:\/\/addendum.ovh\/index.php?rest_route=\/wp\/v2\/types\/page"}],"author":[{"embeddable":true,"href":"https:\/\/addendum.ovh\/index.php?rest_route=\/wp\/v2\/users\/1"}],"replies":[{"embeddable":true,"href":"https:\/\/addendum.ovh\/index.php?rest_route=%2Fwp%2Fv2%2Fcomments&post=26"}],"version-history":[{"count":2,"href":"https:\/\/addendum.ovh\/index.php?rest_route=\/wp\/v2\/pages\/26\/revisions"}],"predecessor-version":[{"id":30,"href":"https:\/\/addendum.ovh\/index.php?rest_route=\/wp\/v2\/pages\/26\/revisions\/30"}],"wp:featuredmedia":[{"embeddable":true,"href":"https:\/\/addendum.ovh\/index.php?rest_route=\/wp\/v2\/media\/27"}],"wp:attachment":[{"href":"https:\/\/addendum.ovh\/index.php?rest_route=%2Fwp%2Fv2%2Fmedia&parent=26"}],"curies":[{"name":"wp","href":"https:\/\/api.w.org\/{rel}","templated":true}]}}